{"id":1881,"date":"2024-12-03T19:09:38","date_gmt":"2024-12-03T19:09:38","guid":{"rendered":"https:\/\/allire.pt\/?page_id=1881"},"modified":"2025-12-03T14:54:57","modified_gmt":"2025-12-03T14:54:57","slug":"budget-request","status":"publish","type":"page","link":"https:\/\/allire.pt\/en\/budget-request\/","title":{"rendered":"Order request"},"content":{"rendered":"<h1 class=\"wp-block-heading\">Order request<\/h1>\n\nDiscover Allire exclusivity: uniquely designed pieces, handmade with premium materials and produced in limited editions. Filling in the form is simple and the first step to getting your Allire piece. Share your vision with us and let us help you transform your space with unparalleled sophistication, quality and innovation.","protected":false},"excerpt":{"rendered":"<p>Pedido de Encomenda Descubra a exclusividade Allire: pe\u00e7as de design \u00fanico, feitas \u00e0 m\u00e3o com materiais premium e produzidas em edi\u00e7\u00f5es limitadas. Preencher o formul\u00e1rio \u00e9 simples e o primeiro passo para obter a sua pe\u00e7a Allire. Partilhe connosco a sua vis\u00e3o e deixe-nos ajud\u00e1-lo a transformar o seu espa\u00e7o com sofistica\u00e7\u00e3o, qualidade e inova\u00e7\u00e3o [&hellip;]<\/p>\n","protected":false},"author":2,"featured_media":0,"parent":0,"menu_order":0,"comment_status":"closed","ping_status":"closed","template":"","meta":{"footnotes":""},"class_list":["post-1881","page","type-page","status-publish","hentry"],"_links":{"self":[{"href":"https:\/\/allire.pt\/en\/wp-json\/wp\/v2\/pages\/1881","targetHints":{"allow":["GET"]}}],"collection":[{"href":"https:\/\/allire.pt\/en\/wp-json\/wp\/v2\/pages"}],"about":[{"href":"https:\/\/allire.pt\/en\/wp-json\/wp\/v2\/types\/page"}],"author":[{"embeddable":true,"href":"https:\/\/allire.pt\/en\/wp-json\/wp\/v2\/users\/2"}],"replies":[{"embeddable":true,"href":"https:\/\/allire.pt\/en\/wp-json\/wp\/v2\/comments?post=1881"}],"version-history":[{"count":31,"href":"https:\/\/allire.pt\/en\/wp-json\/wp\/v2\/pages\/1881\/revisions"}],"predecessor-version":[{"id":2428,"href":"https:\/\/allire.pt\/en\/wp-json\/wp\/v2\/pages\/1881\/revisions\/2428"}],"wp:attachment":[{"href":"https:\/\/allire.pt\/en\/wp-json\/wp\/v2\/media?parent=1881"}],"curies":[{"name":"wp","href":"https:\/\/api.w.org\/{rel}","templated":true}]}}