{"id":301,"date":"2024-11-25T02:11:22","date_gmt":"2024-11-25T02:11:22","guid":{"rendered":"https:\/\/allire.pt\/?page_id=301"},"modified":"2025-12-11T22:06:31","modified_gmt":"2025-12-11T22:06:31","slug":"showroom","status":"publish","type":"page","link":"https:\/\/allire.pt\/en\/showroom\/","title":{"rendered":"Showroom"},"content":{"rendered":"<h1 class=\"wp-block-heading\">Visit our<div>Showroom<\/div><\/h1>\n\nLocated in Vizela, our showroom is ready to welcome you. <br>Make your appointment and let yourself be inspired by the Allire design.\n\n<h2 class=\"wp-block-heading\">Our <div>Legacy<\/div><\/h2>\n\nAllire's legacy is built on pillars of innovation, artisanal excellence and a commitment to authenticity. Inspired by a passion for timeless design, the brand is a reflection of the harmonious meeting of contemporary aesthetics and traditional practices.\nEach Allire creation tells a unique story, being more than just a decorative object. They are pieces that add personality, style and a new narrative to the spaces they inhabit. We believe that our legacy is not just in the pieces we create, but in the emotional connection they provide.\n\n<div class=\"wp-block-buttons is-layout-flex wp-block-buttons-is-layout-flex\"><div class=\"wp-block-button\"><a class=\"wp-block-button__link\">ABOUT US<\/a><\/div><\/div>\n\n<h2 class=\"has-text-align-center wp-block-heading\">Discover all the <span>Allire experience<\/span><\/h2>\n\nIn the heart of Minho, Allire celebrates the region's furniture tradition with a contemporary eye, combining creativity, precision and excellent materials.\n\nDiscover in our showroom exclusive collections of tables, consoles, shelves and mirrors, designed and manufactured in Portugal using excellent materials. Each piece reflects the balance between traditional craftsmanship, innovation and timeless design.\n\n<div class=\"wp-block-buttons is-layout-flex wp-block-buttons-is-layout-flex\"><div class=\"wp-block-button\"><a class=\"wp-block-button__link\">CONTACT US<\/a><\/div><\/div>\n\n<figure class=\"wp-block-image size-full\"><img loading=\"lazy\" decoding=\"async\" width=\"582\" height=\"742\" src=\"https:\/\/allire.pt\/wp-content\/uploads\/2024\/12\/25052023-DET09895-1-1.jpg\" class=\"wp-image-1498\" alt=\"\" title=\"\" srcset=\"https:\/\/allire.pt\/wp-content\/uploads\/2024\/12\/25052023-DET09895-1-1.jpg 582w, https:\/\/allire.pt\/wp-content\/uploads\/2024\/12\/25052023-DET09895-1-1-235x300.jpg 235w, https:\/\/allire.pt\/wp-content\/uploads\/2024\/12\/25052023-DET09895-1-1-9x12.jpg 9w\" sizes=\"auto, (max-width: 582px) 100vw, 582px\" \/><\/figure>\n\nAllire finds its balance between traditional know-how and a modern vision of Portuguese design. Each piece is born from this fusion, designed to inspire and last. An extension of Allire's philosophy: a celebration of design, creativity and the constant search for new possibilities.\n\n<h0>DISCOVER THE<\/h0>\n\n<h0>PRODUCTS<\/h0>\n\n<div class=\"wp-block-buttons is-layout-flex wp-block-buttons-is-layout-flex\"><div class=\"wp-block-button\"><a class=\"wp-block-button__link\">PRODUCTS<\/a><\/div><\/div>","protected":false},"excerpt":{"rendered":"<p>Visite o nosso Showroom Localizado em Vizela, o nosso showroom est\u00e1 pronto para o receber. Fa\u00e7a a sua marca\u00e7\u00e3o e deixe-se inspirar pelo design Allire. O nosso Legado O legado da Allire \u00e9 constru\u00eddo sobre pilares de inova\u00e7\u00e3o, excel\u00eancia artesanal e compromisso com a autenticidade. Inspirada pela paix\u00e3o pelo design intemporal, a marca \u00e9 um [&hellip;]<\/p>\n","protected":false},"author":2,"featured_media":0,"parent":0,"menu_order":0,"comment_status":"closed","ping_status":"closed","template":"","meta":{"footnotes":""},"class_list":["post-301","page","type-page","status-publish","hentry"],"_links":{"self":[{"href":"https:\/\/allire.pt\/en\/wp-json\/wp\/v2\/pages\/301","targetHints":{"allow":["GET"]}}],"collection":[{"href":"https:\/\/allire.pt\/en\/wp-json\/wp\/v2\/pages"}],"about":[{"href":"https:\/\/allire.pt\/en\/wp-json\/wp\/v2\/types\/page"}],"author":[{"embeddable":true,"href":"https:\/\/allire.pt\/en\/wp-json\/wp\/v2\/users\/2"}],"replies":[{"embeddable":true,"href":"https:\/\/allire.pt\/en\/wp-json\/wp\/v2\/comments?post=301"}],"version-history":[{"count":65,"href":"https:\/\/allire.pt\/en\/wp-json\/wp\/v2\/pages\/301\/revisions"}],"predecessor-version":[{"id":2451,"href":"https:\/\/allire.pt\/en\/wp-json\/wp\/v2\/pages\/301\/revisions\/2451"}],"wp:attachment":[{"href":"https:\/\/allire.pt\/en\/wp-json\/wp\/v2\/media?parent=301"}],"curies":[{"name":"wp","href":"https:\/\/api.w.org\/{rel}","templated":true}]}}