{"id":1881,"date":"2024-12-03T19:09:38","date_gmt":"2024-12-03T19:09:38","guid":{"rendered":"https:\/\/allire.pt\/?page_id=1881"},"modified":"2025-12-03T14:54:57","modified_gmt":"2025-12-03T14:54:57","slug":"demande-de-budget","status":"publish","type":"page","link":"https:\/\/allire.pt\/fr\/demande-de-budget\/","title":{"rendered":"Demande de commande"},"content":{"rendered":"<h1 class=\"wp-block-heading\">Demande de commande<\/h1>\n\nD\u00e9couvrez l'exclusivit\u00e9 Allire : des pi\u00e8ces au design unique, fabriqu\u00e9es \u00e0 la main avec des mat\u00e9riaux de premi\u00e8re qualit\u00e9 et produites en \u00e9ditions limit\u00e9es. Remplir le formulaire est simple et constitue la premi\u00e8re \u00e9tape pour obtenir votre pi\u00e8ce Allire. Partagez votre vision avec nous et laissez-nous vous aider \u00e0 transformer votre espace avec une sophistication, une qualit\u00e9 et une innovation in\u00e9gal\u00e9es.","protected":false},"excerpt":{"rendered":"<p>Pedido de Encomenda Descubra a exclusividade Allire: pe\u00e7as de design \u00fanico, feitas \u00e0 m\u00e3o com materiais premium e produzidas em edi\u00e7\u00f5es limitadas. Preencher o formul\u00e1rio \u00e9 simples e o primeiro passo para obter a sua pe\u00e7a Allire. Partilhe connosco a sua vis\u00e3o e deixe-nos ajud\u00e1-lo a transformar o seu espa\u00e7o com sofistica\u00e7\u00e3o, qualidade e inova\u00e7\u00e3o [&hellip;]<\/p>\n","protected":false},"author":2,"featured_media":0,"parent":0,"menu_order":0,"comment_status":"closed","ping_status":"closed","template":"","meta":{"footnotes":""},"class_list":["post-1881","page","type-page","status-publish","hentry"],"_links":{"self":[{"href":"https:\/\/allire.pt\/fr\/wp-json\/wp\/v2\/pages\/1881","targetHints":{"allow":["GET"]}}],"collection":[{"href":"https:\/\/allire.pt\/fr\/wp-json\/wp\/v2\/pages"}],"about":[{"href":"https:\/\/allire.pt\/fr\/wp-json\/wp\/v2\/types\/page"}],"author":[{"embeddable":true,"href":"https:\/\/allire.pt\/fr\/wp-json\/wp\/v2\/users\/2"}],"replies":[{"embeddable":true,"href":"https:\/\/allire.pt\/fr\/wp-json\/wp\/v2\/comments?post=1881"}],"version-history":[{"count":31,"href":"https:\/\/allire.pt\/fr\/wp-json\/wp\/v2\/pages\/1881\/revisions"}],"predecessor-version":[{"id":2428,"href":"https:\/\/allire.pt\/fr\/wp-json\/wp\/v2\/pages\/1881\/revisions\/2428"}],"wp:attachment":[{"href":"https:\/\/allire.pt\/fr\/wp-json\/wp\/v2\/media?parent=1881"}],"curies":[{"name":"wp","href":"https:\/\/api.w.org\/{rel}","templated":true}]}}