{"id":299,"date":"2024-11-25T02:11:11","date_gmt":"2024-11-25T02:11:11","guid":{"rendered":"https:\/\/allire.pt\/?page_id=299"},"modified":"2025-11-03T20:22:05","modified_gmt":"2025-11-03T20:22:05","slug":"a-propos-de-nous","status":"publish","type":"page","link":"https:\/\/allire.pt\/fr\/a-propos-de-nous\/","title":{"rendered":"\u00c0 propos de nous"},"content":{"rendered":"<h1 class=\"wp-block-heading\"><div>Allire <\/div>Notre histoire<\/h1>\n\nD\u00e9couvrez l'histoire d'Allire et notre mission, qui est d'\u00e9lever le mobilier design \u00e0 un niveau de qualit\u00e9 et d'exclusivit\u00e9.\n\n<h3 class=\"wp-block-heading\">STERNBILD<\/h3>\n\n<h3 class=\"wp-block-heading\">MIRROR<br><\/h3>\n\nD\u00e9couvrez notre gamme Sternbild, inspir\u00e9e de la vie quotidienne. Ces pi\u00e8ces, dans le style classique des miroirs de rue, peuvent \u00eatre agenc\u00e9es pour cr\u00e9er une infinit\u00e9 d'esth\u00e9tiques, du classique au ludique.\n\n<div class=\"wp-block-buttons is-layout-flex wp-block-buttons-is-layout-flex\"><div class=\"wp-block-button\"><a class=\"wp-block-button__link\">VOIR PLUS<\/a><\/div><\/div>\n\n<h3 class=\"wp-block-heading\">FORGE<\/h3>\n\n<h3 class=\"wp-block-heading\">PR\u00c9SIDENT<br><\/h3>\n\nLe tabouret Forge allie design organique et ergonomie, avec des d\u00e9tails en bois massif et en m\u00e9tal poli. Robuste et durable, il convient parfaitement \u00e0 tous les environnements.\n\n<div class=\"wp-block-buttons is-layout-flex wp-block-buttons-is-layout-flex\"><div class=\"wp-block-button\"><a class=\"wp-block-button__link\">VOIR PLUS<\/a><\/div><\/div>\n\n<h3 class=\"wp-block-heading\">PLIER<\/h3>\n\n<h3 class=\"wp-block-heading\">APPAREIL<br><\/h3>\n\nImpossible \u00e0 ignorer, notre buffet Plier allie la simplicit\u00e9 de la forme \u00e0 l'extravagance de la finition. Donnez le ton \u00e0 votre maison avec un \u00e9l\u00e9ment audacieux \u00e0 l'entr\u00e9e ou ajoutez une touche d'opulence \u00e0 votre espace.\n\n<div class=\"wp-block-buttons is-layout-flex wp-block-buttons-is-layout-flex\"><div class=\"wp-block-button\"><a class=\"wp-block-button__link\">VOIR PLUS<\/a><\/div><\/div>\n\nN\u00e9e de l'exp\u00e9rience de Linha Recta, un nom renomm\u00e9 dans le monde de la d\u00e9coration d'int\u00e9rieur, Allire est devenue une marque ind\u00e9pendante avec une vision claire. Avec plus de 40 ans d'exp\u00e9rience dans le secteur, nous avons canalis\u00e9 toutes les connaissances accumul\u00e9es pour cr\u00e9er une collection qui \u00e9tablit une nouvelle norme en mati\u00e8re de mobilier.\n\nEn collaboration avec des designers prestigieux, en utilisant les meilleurs mat\u00e9riaux et en perfectionnant chaque d\u00e9tail, Allire est le point de rencontre entre l'innovation et l'artisanat. Notre collection n'est pas seulement une question d'esth\u00e9tique - c'est une question de beaut\u00e9 intemporelle et de durabilit\u00e9 qui r\u00e9siste \u00e0 l'\u00e9preuve du temps. C'est notre heure de gloire, et nous vous invitons \u00e0 explorer l'avenir du mobilier moderne.\n\n<div class=\"wp-block-buttons is-layout-flex wp-block-buttons-is-layout-flex\"><div class=\"wp-block-button\"><a class=\"wp-block-button__link\">LINHARECTA.COM<\/a><\/div><\/div>\n\n<h2 class=\"wp-block-heading\">Notre <div>H\u00e9ritage<div><\/h2>\n\n<h2 class=\"wp-block-heading\">Notre <div>Valeurs<div><\/h2>\n\nChez Allire, l'innovation est au c\u0153ur de tout ce que nous faisons, repoussant sans cesse les limites du design pour cr\u00e9er des pi\u00e8ces qui allient fonctionnalit\u00e9 et art. La durabilit\u00e9 est un principe fondamental, qui garantit l'utilisation de mat\u00e9riaux \u00e9thiques et de pratiques \u00e9cologiques \u00e0 chaque \u00e9tape du processus de production, favorisant ainsi un impact positif sur l'environnement. <br><br>Nous nous engageons \u00e0 atteindre l'excellence, en collaborant avec les meilleurs designers et artisans afin de garantir que chaque pi\u00e8ce est une combinaison parfaite de qualit\u00e9 et d'esth\u00e9tique.\n\nNous sommes fiers de notre authenticit\u00e9, honorant les traditions de l'artisanat portugais et int\u00e9grant cet h\u00e9ritage dans chaque d\u00e9tail de nos cr\u00e9ations. En outre, nous accordons une grande importance \u00e0 la personnalisation, estimant que chaque client m\u00e9rite des pi\u00e8ces qui refl\u00e8tent son individualit\u00e9 et son style unique. Ces valeurs guident notre vision et se traduisent par des meubles qui transforment les espaces et cr\u00e9ent des exp\u00e9riences uniques.\n\nL'h\u00e9ritage d'Allire repose sur les piliers de l'innovation, de l'excellence artisanale et de l'engagement envers l'authenticit\u00e9. Inspir\u00e9e par une passion pour le design intemporel, la marque est le reflet de la rencontre harmonieuse entre l'esth\u00e9tique contemporaine et les pratiques traditionnelles.\nChaque cr\u00e9ation Allire raconte une histoire unique, \u00e9tant plus qu'un simple objet d\u00e9coratif. Ce sont des pi\u00e8ces qui ajoutent de la personnalit\u00e9, du style et un nouveau r\u00e9cit aux espaces qu'elles habitent. Nous pensons que notre h\u00e9ritage ne r\u00e9side pas seulement dans les pi\u00e8ces que nous cr\u00e9ons, mais aussi dans le lien \u00e9motionnel qu'elles procurent.\n\n<h2 class=\"wp-block-heading\">Notre <div>L'h\u00e9ritage<\/div><\/h2>\n\n<h2 class=\"has-text-align-center wp-block-heading\">FAITES CONNAISSANCE AVEC NOUS <div>Salle d'exposition<\/div><\/h2>\n\n<div class=\"wp-block-buttons is-layout-flex wp-block-buttons-is-layout-flex\"><div class=\"wp-block-button\"><a class=\"wp-block-button__link\">VOIR PLUS<\/a><\/div><\/div>","protected":false},"excerpt":{"rendered":"<p>Allire A Nossa Hist\u00f3ria Explore a hist\u00f3ria da Allire e a nossa miss\u00e3o de elevar o mobili\u00e1rio de design com qualidade e\u00a0exclusividade. STERNBILD ESPELHO D\u00ea uma olhada na nossa linha Sternbild, inspirada no quotidiano. Estas pe\u00e7as, no estilo cl\u00e1ssico dos espelhos de rua, podem ser dispostas para criar est\u00e9ticas infinitas, desde o cl\u00e1ssico at\u00e9 ao [&hellip;]<\/p>\n","protected":false},"author":2,"featured_media":0,"parent":0,"menu_order":0,"comment_status":"closed","ping_status":"closed","template":"","meta":{"footnotes":""},"class_list":["post-299","page","type-page","status-publish","hentry"],"_links":{"self":[{"href":"https:\/\/allire.pt\/fr\/wp-json\/wp\/v2\/pages\/299","targetHints":{"allow":["GET"]}}],"collection":[{"href":"https:\/\/allire.pt\/fr\/wp-json\/wp\/v2\/pages"}],"about":[{"href":"https:\/\/allire.pt\/fr\/wp-json\/wp\/v2\/types\/page"}],"author":[{"embeddable":true,"href":"https:\/\/allire.pt\/fr\/wp-json\/wp\/v2\/users\/2"}],"replies":[{"embeddable":true,"href":"https:\/\/allire.pt\/fr\/wp-json\/wp\/v2\/comments?post=299"}],"version-history":[{"count":53,"href":"https:\/\/allire.pt\/fr\/wp-json\/wp\/v2\/pages\/299\/revisions"}],"predecessor-version":[{"id":2376,"href":"https:\/\/allire.pt\/fr\/wp-json\/wp\/v2\/pages\/299\/revisions\/2376"}],"wp:attachment":[{"href":"https:\/\/allire.pt\/fr\/wp-json\/wp\/v2\/media?parent=299"}],"curies":[{"name":"wp","href":"https:\/\/api.w.org\/{rel}","templated":true}]}}