{"id":301,"date":"2024-11-25T02:11:22","date_gmt":"2024-11-25T02:11:22","guid":{"rendered":"https:\/\/allire.pt\/?page_id=301"},"modified":"2025-12-11T22:06:31","modified_gmt":"2025-12-11T22:06:31","slug":"salle-dexposition","status":"publish","type":"page","link":"https:\/\/allire.pt\/fr\/salle-dexposition\/","title":{"rendered":"Salle d'exposition"},"content":{"rendered":"<h1 class=\"wp-block-heading\">Visitez notre<div>Salle d'exposition<\/div><\/h1>\n\nSitu\u00e9 \u00e0 Vizela, notre showroom est pr\u00eat \u00e0 vous accueillir. <br>Prenez rendez-vous et laissez-vous inspirer par le design Allire.\n\n<h2 class=\"wp-block-heading\">Notre <div>L'h\u00e9ritage<\/div><\/h2>\n\nL'h\u00e9ritage d'Allire repose sur les piliers de l'innovation, de l'excellence artisanale et de l'engagement en faveur de l'authenticit\u00e9. Inspir\u00e9e par une passion pour le design intemporel, la marque est le reflet de la rencontre harmonieuse entre l'esth\u00e9tique contemporaine et les pratiques traditionnelles.\nChaque cr\u00e9ation Allire raconte une histoire unique, \u00e9tant plus qu'un simple objet d\u00e9coratif. Ce sont des pi\u00e8ces qui ajoutent de la personnalit\u00e9, du style et un nouveau r\u00e9cit aux espaces qu'elles habitent. Nous pensons que notre h\u00e9ritage ne r\u00e9side pas seulement dans les pi\u00e8ces que nous cr\u00e9ons, mais aussi dans le lien \u00e9motionnel qu'elles procurent.\n\n<div class=\"wp-block-buttons is-layout-flex wp-block-buttons-is-layout-flex\"><div class=\"wp-block-button\"><a class=\"wp-block-button__link\">\u00c0 PROPOS DE NOUS<\/a><\/div><\/div>\n\n<h2 class=\"has-text-align-center wp-block-heading\">D\u00e9couvrez tous les <span>L'exp\u00e9rience d'Allire<\/span><\/h2>\n\nAu c\u0153ur du Minho, Allire c\u00e9l\u00e8bre la tradition du meuble de la r\u00e9gion avec un style contemporain, alliant cr\u00e9ativit\u00e9, pr\u00e9cision et excellents mat\u00e9riaux.\n\nD\u00e9couvrez dans notre salle d'exposition des collections exclusives de tables, de consoles, d'\u00e9tag\u00e8res et de miroirs, con\u00e7ues et fabriqu\u00e9es au Portugal avec d'excellents mat\u00e9riaux. Chaque pi\u00e8ce refl\u00e8te l'\u00e9quilibre entre l'artisanat traditionnel, l'innovation et le design intemporel.\n\n<div class=\"wp-block-buttons is-layout-flex wp-block-buttons-is-layout-flex\"><div class=\"wp-block-button\"><a class=\"wp-block-button__link\">CONTACTEZ-NOUS<\/a><\/div><\/div>\n\n<figure class=\"wp-block-image size-full\"><img loading=\"lazy\" decoding=\"async\" width=\"582\" height=\"742\" src=\"https:\/\/allire.pt\/wp-content\/uploads\/2024\/12\/25052023-DET09895-1-1.jpg\" class=\"wp-image-1498\" alt=\"\" title=\"\" srcset=\"https:\/\/allire.pt\/wp-content\/uploads\/2024\/12\/25052023-DET09895-1-1.jpg 582w, https:\/\/allire.pt\/wp-content\/uploads\/2024\/12\/25052023-DET09895-1-1-235x300.jpg 235w, https:\/\/allire.pt\/wp-content\/uploads\/2024\/12\/25052023-DET09895-1-1-9x12.jpg 9w\" sizes=\"auto, (max-width: 582px) 100vw, 582px\" \/><\/figure>\n\nEntre le savoir-faire traditionnel et la vision moderne du design portugais, Allire trouve son \u00e9quilibre. Chaque pi\u00e8ce na\u00eet de cette fusion, con\u00e7ue pour inspirer et durer. Une extension de la philosophie d'Allire : une c\u00e9l\u00e9bration du design, de la cr\u00e9ativit\u00e9 et de la recherche constante de nouvelles possibilit\u00e9s.\n\n<h0>D\u00c9COUVREZ LA<\/h0>\n\n<h0>PRODUITS<\/h0>\n\n<div class=\"wp-block-buttons is-layout-flex wp-block-buttons-is-layout-flex\"><div class=\"wp-block-button\"><a class=\"wp-block-button__link\">PRODUITS<\/a><\/div><\/div>","protected":false},"excerpt":{"rendered":"<p>Visite o nosso Showroom Localizado em Vizela, o nosso showroom est\u00e1 pronto para o receber. Fa\u00e7a a sua marca\u00e7\u00e3o e deixe-se inspirar pelo design Allire. O nosso Legado O legado da Allire \u00e9 constru\u00eddo sobre pilares de inova\u00e7\u00e3o, excel\u00eancia artesanal e compromisso com a autenticidade. Inspirada pela paix\u00e3o pelo design intemporal, a marca \u00e9 um [&hellip;]<\/p>\n","protected":false},"author":2,"featured_media":0,"parent":0,"menu_order":0,"comment_status":"closed","ping_status":"closed","template":"","meta":{"footnotes":""},"class_list":["post-301","page","type-page","status-publish","hentry"],"_links":{"self":[{"href":"https:\/\/allire.pt\/fr\/wp-json\/wp\/v2\/pages\/301","targetHints":{"allow":["GET"]}}],"collection":[{"href":"https:\/\/allire.pt\/fr\/wp-json\/wp\/v2\/pages"}],"about":[{"href":"https:\/\/allire.pt\/fr\/wp-json\/wp\/v2\/types\/page"}],"author":[{"embeddable":true,"href":"https:\/\/allire.pt\/fr\/wp-json\/wp\/v2\/users\/2"}],"replies":[{"embeddable":true,"href":"https:\/\/allire.pt\/fr\/wp-json\/wp\/v2\/comments?post=301"}],"version-history":[{"count":65,"href":"https:\/\/allire.pt\/fr\/wp-json\/wp\/v2\/pages\/301\/revisions"}],"predecessor-version":[{"id":2451,"href":"https:\/\/allire.pt\/fr\/wp-json\/wp\/v2\/pages\/301\/revisions\/2451"}],"wp:attachment":[{"href":"https:\/\/allire.pt\/fr\/wp-json\/wp\/v2\/media?parent=301"}],"curies":[{"name":"wp","href":"https:\/\/api.w.org\/{rel}","templated":true}]}}