{"id":311,"date":"2024-11-25T02:12:51","date_gmt":"2024-11-25T02:12:51","guid":{"rendered":"https:\/\/allire.pt\/?page_id=311"},"modified":"2024-12-03T01:38:36","modified_gmt":"2024-12-03T01:38:36","slug":"politique-de-qualite","status":"publish","type":"page","link":"https:\/\/allire.pt\/fr\/politique-de-qualite\/","title":{"rendered":"Politique de qualit\u00e9"},"content":{"rendered":"<p><\/p>\n\n\n\n<h2 class=\"wp-block-heading\"><strong>1. Introduction<\/strong><\/h2>\n\n\n\n<p><strong>\"Engagement en faveur de l'excellence dans la conception de meubles<\/strong><br>Chez Allire, nous pensons que la qualit\u00e9 est le fondement du design. Chaque pi\u00e8ce que nous cr\u00e9ons refl\u00e8te notre engagement \u00e0 combiner l'artisanat traditionnel, l'innovation et la fonctionnalit\u00e9, \u00e9levant le mobilier \u00e0 une forme d'art qui transforme les espaces et enrichit les exp\u00e9riences.<\/p>\n\n\n\n<p><\/p>\n\n\n\n<h2 class=\"wp-block-heading\"><strong>2. Engagement en faveur de la qualit\u00e9<\/strong><\/h2>\n\n\n\n<p><strong>\"Le meilleur du design contemporain avec des racines artisanales\".<br><\/strong>Allire veille \u00e0 ce que chaque produit r\u00e9ponde aux normes de qualit\u00e9 les plus \u00e9lev\u00e9es :<\/p>\n\n\n\n<ul class=\"wp-block-list\">\n<li>Mat\u00e9riaux haut de gamme : nous utilisons des bois nobles, des m\u00e9taux soigneusement s\u00e9lectionn\u00e9s et des finitions impeccables.<\/li>\n\n\n\n<li>Partenariats exclusifs : Nous collaborons avec des designers prestigieux et des artisans sp\u00e9cialis\u00e9s pour cr\u00e9er des pi\u00e8ces uniques et intemporelles.<\/li>\n\n\n\n<li>Le souci du d\u00e9tail : de la conception \u00e0 la finition, chaque \u00e9tape fait l'objet d'un contr\u00f4le rigoureux, garantissant durabilit\u00e9, sophistication et beaut\u00e9.<\/li>\n<\/ul>\n\n\n\n<p><\/p>\n\n\n\n<h2 class=\"wp-block-heading\"><strong>3. Processus de d\u00e9veloppement et de production<\/strong><\/h2>\n\n\n\n<p><strong>\"Une prise en charge \u00e0 chaque \u00e9tape du processus<br><\/strong>Allire s'engage dans des processus qui garantissent la qualit\u00e9 \u00e0 chaque \u00e9tape :<\/p>\n\n\n\n<ul class=\"wp-block-list\">\n<li>S\u00e9lection des mat\u00e9riaux : nous n'utilisons que des mat\u00e9riaux d'origine durable et de haute qualit\u00e9.<\/li>\n\n\n\n<li>Une production minutieuse : chaque pi\u00e8ce est fabriqu\u00e9e avec pr\u00e9cision, dans le respect des techniques traditionnelles et en int\u00e9grant les innovations modernes.<\/li>\n\n\n\n<li>Contr\u00f4le de la qualit\u00e9 : nous mettons en \u0153uvre des contr\u00f4les rigoureux tout au long de la production, afin de garantir que chaque produit d\u00e9passe les attentes.<\/li>\n<\/ul>\n\n\n\n<p><\/p>\n\n\n\n<h2 class=\"wp-block-heading\"><strong>4. Durabilit\u00e9 et responsabilit\u00e9 sociale<\/strong><\/h2>\n\n\n\n<p><strong>\"Concevoir dans le respect de l'environnement et de la communaut\u00e9\".<br><\/strong>La durabilit\u00e9 fait partie int\u00e9grante de notre politique de qualit\u00e9. Nous y attachons de l'importance :<\/p>\n\n\n\n<ul class=\"wp-block-list\">\n<li>Pratiques durables : nous mettons en \u0153uvre des processus qui minimisent l'impact sur l'environnement et utilisons des mat\u00e9riaux respectueux de l'environnement dans la mesure du possible.<\/li>\n\n\n\n<li>Valorisation de l'artisanat local : nous travaillons avec des artisans portugais, afin de promouvoir les techniques traditionnelles et de renforcer l'\u00e9conomie locale.<\/li>\n\n\n\n<li>Conception durable : nous cr\u00e9ons des pi\u00e8ces qui r\u00e9sistent \u00e0 l'\u00e9preuve du temps, en encourageant des choix conscients et responsables.<\/li>\n<\/ul>\n\n\n\n<p><\/p>\n\n\n\n<h2 class=\"wp-block-heading\"><strong>5. Relations avec les clients<\/strong><\/h2>\n\n\n\n<p><strong>\"Expertise et transparence \u00e0 chaque \u00e9tape<br><\/strong>Chez Allire, l'exp\u00e9rience client est une priorit\u00e9. Nous offrons :<\/p>\n\n\n\n<ul class=\"wp-block-list\">\n<li>Informations d\u00e9taill\u00e9es : Nous fournissons des sp\u00e9cifications claires et d\u00e9taill\u00e9es pour chaque produit.<\/li>\n\n\n\n<li>Assistance sp\u00e9cialis\u00e9e : nous sommes \u00e0 votre disposition pour r\u00e9pondre \u00e0 vos questions, de l'int\u00e9r\u00eat initial au suivi apr\u00e8s l'achat.<\/li>\n\n\n\n<li>R\u00e9ponses rapides : nous garantissons un processus efficace et transparent pour les demandes de devis et les demandes de renseignements.<\/li>\n<\/ul>\n\n\n\n<p><\/p>\n\n\n\n<h2 class=\"wp-block-heading\"><strong>6. Examen et am\u00e9lioration continue<\/strong><\/h2>\n\n\n\n<p><strong>\"Nous \u00e9voluons avec le retour d'information de nos clients\"<br><\/strong>Allire s'engage \u00e0 am\u00e9liorer continuellement ses processus et ses produits. Nous investissons dans :<\/p>\n\n\n\n<ul class=\"wp-block-list\">\n<li>Innovation constante : nous adoptons de nouvelles technologies et pratiques pour maintenir nos normes \u00e9lev\u00e9es.<\/li>\n\n\n\n<li>Commentaires des clients : nous appr\u00e9cions les opinions et les suggestions de nos clients, qui nous permettent de nous am\u00e9liorer continuellement.<\/li>\n\n\n\n<li>Excellence durable : nous contr\u00f4lons et r\u00e9examinons nos pratiques pour nous assurer que nos normes de qualit\u00e9 sont toujours d\u00e9pass\u00e9es.<\/li>\n<\/ul>\n\n\n\n<p><\/p>\n\n\n\n<h2 class=\"wp-block-heading\"><strong>7. Contact<\/strong><\/h2>\n\n\n\n<p><strong>\"Nous sommes l\u00e0 pour vous<br><\/strong>Vous souhaitez en savoir plus sur nos collections ou obtenir un devis personnalis\u00e9 ? Nous sommes \u00e0 votre disposition !<\/p>\n\n\n\n<ul class=\"wp-block-list\">\n<li>Rendez-nous visite dans notre magasin phare, situ\u00e9 \u00e0 l'adresse suivante :<br>Rua do Ros\u00e1rio 84, Loja 17, 4050-345 Porto<\/li>\n\n\n\n<li>Prenez contact avec nous :\n<ul class=\"wp-block-list\">\n<li>T\u00e9l\u00e9phone : <a href=\"tel:253 582 273\">253 582 273<\/a><\/li>\n\n\n\n<li>Courriel : <a href=\"mailto:info@allire.pt\">info@allire.pt<\/a><\/li>\n<\/ul>\n<\/li>\n\n\n\n<li>Heures d'ouverture :<br>Du mardi au samedi : 10h-13h \/ 14h30-19h<\/li>\n<\/ul>\n\n\n\n<p>Suivez-nous sur les m\u00e9dias sociaux et laissez-vous inspirer par notre design :<\/p>\n\n\n\n<ul class=\"wp-block-list\">\n<li><a href=\"https:\/\/www.instagram.com\/allirefurnituredesign\/\" target=\"_blank\" rel=\"noopener\">Instagram<\/a><\/li>\n\n\n\n<li><a href=\"https:\/\/www.facebook.com\/allirefurnituredesign\/\" target=\"_blank\" rel=\"noopener\">Facebook<\/a><\/li>\n<\/ul>\n\n\n\n<p>Nous vous invitons \u00e0 explorer notre site web, \u00e0 nous contacter \u00e0 l'adresse suivante<a href=\"https:\/\/allire.pt\/fr\/contacts\/\" data-type=\"page\" data-id=\"303\"> formulaire de contact<\/a> ou venez nous rendre visite pour d\u00e9couvrir notre approche unique de la conception de meubles.<\/p>","protected":false},"excerpt":{"rendered":"<p>1. Introdu\u00e7\u00e3o &#8220;Compromisso com a Excel\u00eancia no Design de Mobili\u00e1rio&#8221;Na Allire, acreditamos que a qualidade \u00e9 o alicerce do design. Cada pe\u00e7a criada reflete a nossa dedica\u00e7\u00e3o em unir tradi\u00e7\u00e3o artesanal, inova\u00e7\u00e3o e funcionalidade, elevando o mobili\u00e1rio a uma forma de arte que transforma espa\u00e7os e enriquece experi\u00eancias. 2. Compromisso com a Qualidade &#8220;O Melhor [&hellip;]<\/p>\n","protected":false},"author":2,"featured_media":0,"parent":0,"menu_order":0,"comment_status":"closed","ping_status":"closed","template":"","meta":{"footnotes":""},"class_list":["post-311","page","type-page","status-publish","hentry"],"_links":{"self":[{"href":"https:\/\/allire.pt\/fr\/wp-json\/wp\/v2\/pages\/311","targetHints":{"allow":["GET"]}}],"collection":[{"href":"https:\/\/allire.pt\/fr\/wp-json\/wp\/v2\/pages"}],"about":[{"href":"https:\/\/allire.pt\/fr\/wp-json\/wp\/v2\/types\/page"}],"author":[{"embeddable":true,"href":"https:\/\/allire.pt\/fr\/wp-json\/wp\/v2\/users\/2"}],"replies":[{"embeddable":true,"href":"https:\/\/allire.pt\/fr\/wp-json\/wp\/v2\/comments?post=311"}],"version-history":[{"count":9,"href":"https:\/\/allire.pt\/fr\/wp-json\/wp\/v2\/pages\/311\/revisions"}],"predecessor-version":[{"id":1493,"href":"https:\/\/allire.pt\/fr\/wp-json\/wp\/v2\/pages\/311\/revisions\/1493"}],"wp:attachment":[{"href":"https:\/\/allire.pt\/fr\/wp-json\/wp\/v2\/media?parent=311"}],"curies":[{"name":"wp","href":"https:\/\/api.w.org\/{rel}","templated":true}]}}