{"id":315,"date":"2024-11-25T02:13:25","date_gmt":"2024-11-25T02:13:25","guid":{"rendered":"https:\/\/allire.pt\/?page_id=315"},"modified":"2024-12-05T16:42:08","modified_gmt":"2024-12-05T16:42:08","slug":"conditions-generales","status":"publish","type":"page","link":"https:\/\/allire.pt\/fr\/conditions-generales\/","title":{"rendered":"Conditions g\u00e9n\u00e9rales d'utilisation"},"content":{"rendered":"<h2 class=\"wp-block-heading\"><strong>1. Introduction<\/strong><\/h2>\n\n\n\n<p>Les pr\u00e9sentes conditions g\u00e9n\u00e9rales r\u00e9gissent l'acc\u00e8s au site web et son utilisation<a href=\"https:\/\/allire.pt\/fr\/\"> <strong>www.allire.pt<\/strong><\/a> (ci-apr\u00e8s \"Site\"), propri\u00e9t\u00e9 de la marque <strong>Allire<\/strong>enregistr\u00e9 par l'entreprise <strong>Linha Recta - Meubles contemporains, Lda<\/strong>. Les pr\u00e9sentes conditions g\u00e9n\u00e9rales d\u00e9finissent les droits et les responsabilit\u00e9s d'Allire et des utilisateurs du site web.<\/p>\n\n\n\n<p>En naviguant ou en utilisant le site web, vous d\u00e9clarez avoir lu, compris et accept\u00e9 les conditions g\u00e9n\u00e9rales. Si vous n'\u00eates pas d'accord, vous devez cesser d'utiliser le site web.<\/p>\n\n\n\n<p>Allire se r\u00e9serve le droit de mettre \u00e0 jour ou de modifier les pr\u00e9sentes conditions g\u00e9n\u00e9rales \u00e0 tout moment, et les changements seront publi\u00e9s sur le site web. Il est recommand\u00e9 \u00e0 l'utilisateur de consulter r\u00e9guli\u00e8rement cette page.<\/p>\n\n\n\n<hr class=\"wp-block-separator has-alpha-channel-opacity\"\/>\n\n\n\n<h2 class=\"wp-block-heading\"><strong>2. Identification de l'entreprise<\/strong><\/h2>\n\n\n\n<ul class=\"wp-block-list\">\n<li><strong>Marque :<\/strong> Allire<\/li>\n\n\n\n<li><strong>Soci\u00e9t\u00e9 enregistr\u00e9e :<\/strong> Linha Recta - Meubles contemporains, Lda<\/li>\n\n\n\n<li><strong>Si\u00e8ge social :<\/strong> Rua do Ros\u00e1rio, n.\u00ba 84, Loja 17, 4050-345 Porto<\/li>\n\n\n\n<li><strong>FNI :<\/strong> 506 262 677<\/li>\n\n\n\n<li><strong>Courriel :<\/strong> <a href=\"mailto:info@allire.pt\">info@allire.pt<\/a><\/li>\n\n\n\n<li><strong>T\u00e9l\u00e9phone :<\/strong> <a href=\"tel:+351224927889\">224 927 889 <\/a>\u00a0\/ <a href=\"tel:+351936196769\">936 196 769<\/a><\/li>\n<\/ul>\n\n\n\n<hr class=\"wp-block-separator has-alpha-channel-opacity\"\/>\n\n\n\n<h2 class=\"wp-block-heading\"><strong>3. Utilisation du site web<\/strong><\/h2>\n\n\n\n<p>Le site est con\u00e7u pour pr\u00e9senter les collections de meubles d'Allire et fournir des informations sur ses produits, permettant aux utilisateurs de prendre contact pour demander un devis.<\/p>\n\n\n\n<p><strong>3.1 Conditions d'utilisation<\/strong><strong><br><\/strong>L'utilisateur s'engage \u00e0 :<\/p>\n\n\n\n<ul class=\"wp-block-list\">\n<li>N'utiliser le site Web qu'\u00e0 des fins personnelles et l\u00e9gitimes.<\/li>\n\n\n\n<li>Ne pas introduire de contenu ou r\u00e9aliser des actions susceptibles de compromettre le fonctionnement du site web ou de porter atteinte aux droits d'Allire ou de tiers.<\/li>\n<\/ul>\n\n\n\n<p><strong>3.2 Propri\u00e9t\u00e9 intellectuelle<\/strong><strong><br><\/strong>Tous les contenus du site (textes, images, graphiques, logos, design, logiciels et autres \u00e9l\u00e9ments) sont la propri\u00e9t\u00e9 d'Allire ou de tiers autoris\u00e9s, prot\u00e9g\u00e9s par les lois sur la propri\u00e9t\u00e9 intellectuelle.<\/p>\n\n\n\n<ul class=\"wp-block-list\">\n<li>La reproduction, la distribution, la modification ou toute autre utilisation non autoris\u00e9e de ce contenu sont interdites sans l'accord \u00e9crit pr\u00e9alable d'Allire.<\/li>\n<\/ul>\n\n\n\n<hr class=\"wp-block-separator has-alpha-channel-opacity\"\/>\n\n\n\n<h2 class=\"wp-block-heading\"><strong>4. Produits et services<\/strong><\/h2>\n\n\n\n<p>Allire pr\u00e9sente ses collections de meubles exclusives sur son site web, avec des descriptions d\u00e9taill\u00e9es et des images illustratives.<\/p>\n\n\n\n<p><strong>4.1 Catalogue en ligne<\/strong><\/p>\n\n\n\n<ul class=\"wp-block-list\">\n<li>Les produits pr\u00e9sent\u00e9s le sont \u00e0 titre indicatif et ne constituent pas une offre de vente ferme.<\/li>\n<\/ul>\n\n\n\n<p><strong>4.2 Demandes de budget<\/strong><\/p>\n\n\n\n<ul class=\"wp-block-list\">\n<li>Les utilisateurs peuvent demander des devis en utilisant le formulaire du site web.<\/li>\n\n\n\n<li>L'envoi d'une demande de devis ne constitue pas un contrat de vente. Un accord contraignant ne sera \u00e9tabli qu'apr\u00e8s confirmation par Allire.<\/li>\n<\/ul>\n\n\n\n<p><strong>4.3 Images et descriptions<\/strong><\/p>\n\n\n\n<ul class=\"wp-block-list\">\n<li>Allire met tout en \u0153uvre pour garantir l'exactitude des images et des descriptions des produits. Toutefois, des variations peuvent survenir en raison des param\u00e8tres de l'appareil de l'utilisateur ou d'autres facteurs.<\/li>\n<\/ul>\n\n\n\n<hr class=\"wp-block-separator has-alpha-channel-opacity\"\/>\n\n\n\n<h2 class=\"wp-block-heading\"><strong>5. Donn\u00e9es personnelles et vie priv\u00e9e<\/strong><\/h2>\n\n\n\n<p>Le traitement des donn\u00e9es personnelles des utilisateurs est r\u00e9gi par notre<a href=\"https:\/\/allire.pt\/fr\/politique-de-confidentialite\/\" data-type=\"page\" data-id=\"313\"> Politique de confidentialit\u00e9<\/a>.<\/p>\n\n\n\n<ul class=\"wp-block-list\">\n<li>Les donn\u00e9es fournies via le formulaire de contact sont utilis\u00e9es exclusivement pour r\u00e9pondre aux demandes de devis et am\u00e9liorer l'exp\u00e9rience des utilisateurs.<\/li>\n\n\n\n<li>Pour plus d'informations sur l'utilisation des cookies, veuillez consulter notre site web.<a href=\"https:\/\/allire.pt\/fr\/politica-de-cookies-ue\/\" data-type=\"page\" data-id=\"1093\"> Politique en mati\u00e8re de cookies<\/a>.<\/li>\n<\/ul>\n\n\n\n<hr class=\"wp-block-separator has-alpha-channel-opacity\"\/>\n\n\n\n<h2 class=\"wp-block-heading\"><strong>6. R\u00e9solution des litiges (ADR et ADR)<\/strong><\/h2>\n\n\n\n<p><strong>6.1 R\u00e8glement alternatif des litiges (ADR) :<\/strong><strong><br><\/strong>En cas de litige, les consommateurs peuvent s'adresser \u00e0 des organismes de r\u00e8glement extrajudiciaire des litiges reconnus par la direction g\u00e9n\u00e9rale de la consommation :<\/p>\n\n\n\n<ul class=\"wp-block-list\">\n<li><strong>Centre d'information et d'arbitrage des consommateurs de Porto :<\/strong>\n<ul class=\"wp-block-list\">\n<li><em>Site web :<\/em><a href=\"https:\/\/www.cicap.pt\" target=\"_blank\" rel=\"noopener\"> www.cicap.pt<\/a><\/li>\n\n\n\n<li><em>Courriel :<\/em> cicap@cicap.pt<\/li>\n\n\n\n<li><em>T\u00e9l\u00e9phone :<\/em> 22 550 83 49<\/li>\n<\/ul>\n<\/li>\n<\/ul>\n\n\n\n<p>Pour plus d'informations, visitez le site<a href=\"https:\/\/www.consumidor.gov.pt\" target=\"_blank\" rel=\"noopener\"> www.consumidor.gov.pt<\/a>.<\/p>\n\n\n\n<p><strong>6.2 R\u00e9solution des litiges en ligne (ODR) :<\/strong><strong><br><\/strong>Les consommateurs peuvent \u00e9galement r\u00e9soudre les litiges par l'interm\u00e9diaire de la plateforme europ\u00e9enne de r\u00e8glement en ligne des litiges, disponible \u00e0 l'adresse suivante<a href=\"https:\/\/ec.europa.eu\/consumers\/odr\" target=\"_blank\" rel=\"noopener\"> <strong>https:\/\/ec.europa.eu\/consumers\/odr<\/strong><\/a>.<\/p>\n\n\n\n<hr class=\"wp-block-separator has-alpha-channel-opacity\"\/>\n\n\n\n<h2 class=\"wp-block-heading\"><strong>7. Limitation de la responsabilit\u00e9<\/strong><\/h2>\n\n\n\n<p>Allire n'est pas responsable :<\/p>\n\n\n\n<ul class=\"wp-block-list\">\n<li><strong>Erreurs techniques :<\/strong> Interruptions ou d\u00e9faillances dans le fonctionnement du site web, y compris les attaques de tiers ou les probl\u00e8mes d'infrastructure technique.<\/li>\n\n\n\n<li><strong>Informations obsol\u00e8tes :<\/strong> les changements de produits ou de conditions qui n'ont pas encore \u00e9t\u00e9 r\u00e9percut\u00e9s sur le site web.<\/li>\n\n\n\n<li><strong>Dommages indirects :<\/strong> les dommages ou pertes de b\u00e9n\u00e9fices r\u00e9sultant de l'utilisation ou de l'impossibilit\u00e9 d'utiliser le site web.<\/li>\n<\/ul>\n\n\n\n<hr class=\"wp-block-separator has-alpha-channel-opacity\"\/>\n\n\n\n<h2 class=\"wp-block-heading\"><strong>8. Modifications des conditions g\u00e9n\u00e9rales<\/strong><\/h2>\n\n\n\n<p>Allire se r\u00e9serve le droit de modifier les pr\u00e9sentes conditions g\u00e9n\u00e9rales \u00e0 tout moment. Les modifications seront publi\u00e9es sur le site web et il incombe \u00e0 l'utilisateur de les consulter r\u00e9guli\u00e8rement.<\/p>\n\n\n\n<hr class=\"wp-block-separator has-alpha-channel-opacity\"\/>\n\n\n\n<h2 class=\"wp-block-heading\"><strong>9. Droit applicable<\/strong><\/h2>\n\n\n\n<p>Les pr\u00e9sentes conditions sont r\u00e9gies par le droit portugais.<\/p>\n\n\n\n<ul class=\"wp-block-list\">\n<li>Tout litige relatif \u00e0 l'interpr\u00e9tation ou \u00e0 l'application des pr\u00e9sentes conditions sera soumis aux tribunaux comp\u00e9tents du Portugal.<\/li>\n<\/ul>\n\n\n\n<hr class=\"wp-block-separator has-alpha-channel-opacity\"\/>\n\n\n\n<h2 class=\"wp-block-heading\"><strong>10. Contact<\/strong><\/h2>\n\n\n\n<p>Pour toute question ou clarification, l'utilisateur peut contacter Allire par les moyens suivants :<\/p>\n\n\n\n<ul class=\"wp-block-list\">\n<li><strong>Courriel :<\/strong> <a href=\"mailto:info@allire.pt\">info@allire.pt<\/a><\/li>\n\n\n\n<li><strong>T\u00e9l\u00e9phone :<\/strong> <a href=\"tel:+351224927889\">224 927 889 <\/a>\u00a0\/ <a href=\"tel:+351936196769\">936 196 769<\/a><\/li>\n\n\n\n<li><strong>Adresse :<\/strong> Rua do Ros\u00e1rio, n.\u00ba 84, Loja 17, 4050-345 Porto<\/li>\n<\/ul>\n\n\n\n<hr class=\"wp-block-separator has-alpha-channel-opacity\"\/>\n\n\n\n<p><strong>Derni\u00e8re mise \u00e0 jour :<\/strong> 5 d\u00e9cembre 2024<\/p>\n\n\n\n<p><\/p>","protected":false},"excerpt":{"rendered":"<p>1. Introdu\u00e7\u00e3o Os presentes Termos e Condi\u00e7\u00f5es regulam o acesso e a utiliza\u00e7\u00e3o do website www.allire.pt (doravante &#8220;Website&#8221;), propriedade da marca Allire, registada pela empresa Linha Recta &#8211; Mobili\u00e1rio Contempor\u00e2neo, Lda. Estes Termos e Condi\u00e7\u00f5es definem os direitos e responsabilidades da Allire e dos utilizadores do Website. Ao navegar ou utilizar o Website, o utilizador [&hellip;]<\/p>\n","protected":false},"author":2,"featured_media":0,"parent":0,"menu_order":0,"comment_status":"closed","ping_status":"closed","template":"","meta":{"footnotes":""},"class_list":["post-315","page","type-page","status-publish","hentry"],"_links":{"self":[{"href":"https:\/\/allire.pt\/fr\/wp-json\/wp\/v2\/pages\/315","targetHints":{"allow":["GET"]}}],"collection":[{"href":"https:\/\/allire.pt\/fr\/wp-json\/wp\/v2\/pages"}],"about":[{"href":"https:\/\/allire.pt\/fr\/wp-json\/wp\/v2\/types\/page"}],"author":[{"embeddable":true,"href":"https:\/\/allire.pt\/fr\/wp-json\/wp\/v2\/users\/2"}],"replies":[{"embeddable":true,"href":"https:\/\/allire.pt\/fr\/wp-json\/wp\/v2\/comments?post=315"}],"version-history":[{"count":11,"href":"https:\/\/allire.pt\/fr\/wp-json\/wp\/v2\/pages\/315\/revisions"}],"predecessor-version":[{"id":2260,"href":"https:\/\/allire.pt\/fr\/wp-json\/wp\/v2\/pages\/315\/revisions\/2260"}],"wp:attachment":[{"href":"https:\/\/allire.pt\/fr\/wp-json\/wp\/v2\/media?parent=315"}],"curies":[{"name":"wp","href":"https:\/\/api.w.org\/{rel}","templated":true}]}}