{"id":78,"date":"2024-11-24T22:30:10","date_gmt":"2024-11-24T22:30:10","guid":{"rendered":"https:\/\/allire.pt\/?page_id=78"},"modified":"2025-11-03T20:19:27","modified_gmt":"2025-11-03T20:19:27","slug":"homepage","status":"publish","type":"page","link":"https:\/\/allire.pt\/fr\/","title":{"rendered":"Page d'accueil"},"content":{"rendered":"<h1 class=\"wp-block-heading\">Allire Furniture Design<\/h1>\n\n<h3 class=\"wp-block-heading\">HATCH<\/h3>\n\n<h3 class=\"wp-block-heading\">TABLE CENTRALE<\/h3>\n\nUne table unique, con\u00e7ue avec quatre piliers ovo\u00efdes \u00e9l\u00e9gamment sculpt\u00e9s, reli\u00e9s par une structure en acier laqu\u00e9 qui convergent harmonieusement pour soutenir un \u00e9l\u00e9gant plateau en fr\u00eane.\n\n<div class=\"wp-block-buttons is-layout-flex wp-block-buttons-is-layout-flex\"><div class=\"wp-block-button\"><a class=\"wp-block-button__link\">VOIR PLUS<\/a><\/div><\/div>\n\n<h2 class=\"wp-block-heading\">Consoles<br><\/h2>\n\nD\u00e9couvrez notre gamme compl\u00e8te d'armoires, qui offre des solutions de rangement alliant parfaitement forme et fonctionnalit\u00e9. Des buffets \u00e9l\u00e9gants aux vitrines sophistiqu\u00e9es, chaque pi\u00e8ce est soigneusement con\u00e7ue et fabriqu\u00e9e avec des mat\u00e9riaux de haute qualit\u00e9 pour garantir une durabilit\u00e9 et un style intemporel. <br><br><br>Que vous soyez \u00e0 la recherche d'une pi\u00e8ce remarquable ou d'un compl\u00e9ment pratique et subtil, nos armoires sont id\u00e9ales pour rehausser tout int\u00e9rieur moderne avec une sophistication raffin\u00e9e.\n\n<div class=\"wp-block-buttons is-layout-flex wp-block-buttons-is-layout-flex\"><div class=\"wp-block-button\"><a class=\"wp-block-button__link\">VOIR PLUS<\/a><\/div><\/div>\n\n<h2 class=\"wp-block-heading\">Tableaux<\/h2>\n\nExplorez la s\u00e9lection exclusive de tables, avec une vari\u00e9t\u00e9 de tables \u00e0 manger, de tables basses et de tables d'appoint. Chaque pi\u00e8ce est m\u00e9ticuleusement construite avec des mat\u00e9riaux de haute qualit\u00e9, garantissant une durabilit\u00e9 et un attrait intemporel.<br><br>Que vous soyez \u00e0 la recherche d'une pi\u00e8ce marquante qui lance les conversations ou d'un design plus raffin\u00e9 et minimaliste, nos tables sont con\u00e7ues pour mettre en valeur n'importe quel int\u00e9rieur.\n\n<div class=\"wp-block-buttons is-layout-flex wp-block-buttons-is-layout-flex\"><div class=\"wp-block-button\"><a class=\"wp-block-button__link\">VOIR PLUS<\/a><\/div><\/div>\n\n<h2 class=\"wp-block-heading\">Biblioth\u00e8ques<\/h2>\n\nChaque biblioth\u00e8que de notre collection est con\u00e7ue avec une intention de sophistication l\u00e9g\u00e8re, cr\u00e9\u00e9e pour apporter chaleur et profondeur \u00e0 votre espace. Avec des options allant de finitions \u00e9l\u00e9gantes dans des bois riches \u00e0 des tons pastel ludiques, ces \u00e9tag\u00e8res sont disponibles dans une vari\u00e9t\u00e9 de couleurs, de mat\u00e9riaux et de designs. <br><br>Que vous recherchiez une structure minimaliste et ouverte ou un agencement plus classique et polyvalent, chaque pi\u00e8ce offre quelque chose de distinctif et de charmant.\n\n<div class=\"wp-block-buttons is-layout-flex wp-block-buttons-is-layout-flex\"><div class=\"wp-block-button\"><a class=\"wp-block-button__link\">VOIR PLUS<\/a><\/div><\/div>\n\n<div class=\"wp-block-buttons is-layout-flex wp-block-buttons-is-layout-flex\"><div class=\"wp-block-button\"><a class=\"wp-block-button__link\">VOIR PLUS<\/a><\/div><\/div>\n\n<h0>D\u00c9COUVREZ LA<\/h0>\n\n<h0>PRODUITS<\/h0>\n\n<h2 class=\"has-text-align-center wp-block-heading\">Nous cr\u00e9ons <span>une nouvelle norme de luxe<\/span><\/h2>\n\nChaque pi\u00e8ce est m\u00e9ticuleusement con\u00e7ue et fabriqu\u00e9e au Portugal \u00e0 l'aide de mat\u00e9riaux et d'un savoir-faire de la plus haute qualit\u00e9. Notre nouvelle collection est une pure d\u00e9monstration de l'excellence moderne.\n\n<div class=\"wp-block-buttons is-layout-flex wp-block-buttons-is-layout-flex\"><div class=\"wp-block-button\"><a class=\"wp-block-button__link\">PRODUITS<\/a><\/div><\/div>","protected":false},"excerpt":{"rendered":"<p>Allire Design de Mobili\u00e1rio HATCH MESA DE CENTRO Uma mesa \u00fanica, concebida com quatro pilares elegantemente esculpidos em forma de ovo, unidos por uma estrutura de a\u00e7o lacado que se convergem harmoniosamente para sustentar um tampo elegante em madeira de freixo. Consolas D\u00ea uma vista de olhos \u00e0 nossa gama completa de arm\u00e1rios, oferecendo solu\u00e7\u00f5es [&hellip;]<\/p>\n","protected":false},"author":2,"featured_media":0,"parent":0,"menu_order":0,"comment_status":"closed","ping_status":"closed","template":"","meta":{"footnotes":""},"class_list":["post-78","page","type-page","status-publish","hentry"],"_links":{"self":[{"href":"https:\/\/allire.pt\/fr\/wp-json\/wp\/v2\/pages\/78","targetHints":{"allow":["GET"]}}],"collection":[{"href":"https:\/\/allire.pt\/fr\/wp-json\/wp\/v2\/pages"}],"about":[{"href":"https:\/\/allire.pt\/fr\/wp-json\/wp\/v2\/types\/page"}],"author":[{"embeddable":true,"href":"https:\/\/allire.pt\/fr\/wp-json\/wp\/v2\/users\/2"}],"replies":[{"embeddable":true,"href":"https:\/\/allire.pt\/fr\/wp-json\/wp\/v2\/comments?post=78"}],"version-history":[{"count":100,"href":"https:\/\/allire.pt\/fr\/wp-json\/wp\/v2\/pages\/78\/revisions"}],"predecessor-version":[{"id":2372,"href":"https:\/\/allire.pt\/fr\/wp-json\/wp\/v2\/pages\/78\/revisions\/2372"}],"wp:attachment":[{"href":"https:\/\/allire.pt\/fr\/wp-json\/wp\/v2\/media?parent=78"}],"curies":[{"name":"wp","href":"https:\/\/api.w.org\/{rel}","templated":true}]}}